{"id":14096,"date":"2024-09-02T15:48:52","date_gmt":"2024-09-02T15:48:52","guid":{"rendered":"https:\/\/sogimut.com\/prodotto\/mandrini-a-sistema-modulare-dgr001\/"},"modified":"2024-09-11T07:10:58","modified_gmt":"2024-09-11T07:10:58","slug":"mandrini-a-sistema-modulare-dgr001","status":"publish","type":"product","link":"https:\/\/sogimut.com\/en\/product\/mandrini-a-sistema-modulare-dgr001\/","title":{"rendered":"Mandrini a sistema modulare"},"content":{"rendered":"<p>Il sistema modulare DOGRA \u00e8 una linea di portautensili modulari di alta precisione che permette di eseguire con estrema rigidit\u00e0 operazioni di alesatura, fresatura, foratura e maschiatura.<\/p>\n<p>CARATTERISTICHE &amp; VANTAGGI<br \/>\nTECNOLOGIA DOGRA<br \/>\nL\u2019attacco DOGRA \u00e8 il punto di forza del sistema perch\u00e9 consente di fresare ed alesare con massima rigidit\u00e0 e concentricit\u00e0 grazie all\u2019accoppiamento di due parti coniche e dei loro rispettivi rasamenti, garantendo cos\u00ec il contenimento dei valori di eccentricit\u00e0 radiale oltre ad un\u2019ottima stabilit\u00e0.<\/p>\n<p>PASSAGGIO REFRIGERANTE SENZA COMPROMESSI<br \/>\nLe parti coniche sono unite tra loro da una vite centrale che essendo opportunamente forata, offre la possibilit\u00e0 di sfruttare l\u2019uso del liquido refrigerante senza indebolirne la capacit\u00e0 di serraggio.<\/p>\n<p>TEMPI DI SET UP RIDOTTI<br \/>\nL\u2019accoppiamento e la separazione delle parti sono molto rapidi. La conicit\u00e0 \u00e8 stata studiata in modo da evitare l\u2019autobloccaggio.<\/p>\n<p>ZERO ERRORI DI MONTAGGIO<br \/>\nIl sistema componibile DOGRA utilizza due tasselli di traino di diverso spessore, eliminando cos\u00ec ogni possibile errore di montaggio e garantendo sempre lo stesso set-up dell\u2019utensile.<\/p>\n<p>TIPO DI ATTACCHI BASE<br \/>\nModello DGRMOD40ISO: DIN 69871 ISO 40 \/ forma AD Modello DGRMOD40BT: MAS 403 BT 40 \/ forma AD<\/p>\n","protected":false},"excerpt":{"rendered":"<p>Il sistema modulare DOGRA \u00e8 una linea di portautensili modulari di alta precisione che permette di eseguire con estrema rigidit\u00e0 operazioni di alesatura, fresatura, foratura e maschiatura. CARATTERISTICHE &amp; VANTAGGI TECNOLOGIA DOGRA L\u2019attacco DOGRA \u00e8 il punto di forza del sistema perch\u00e9 consente di fresare ed alesare con massima rigidit\u00e0 e concentricit\u00e0 grazie all\u2019accoppiamento di [&hellip;]<\/p>\n","protected":false},"featured_media":11006,"template":"","meta":{"_acf_changed":false,"_et_pb_use_builder":"","_et_pb_old_content":"","_et_gb_content_width":""},"product_brand":[],"product_cat":[848],"product_tag":[598],"azienda":[574],"class_list":{"0":"post-14096","1":"product","2":"type-product","3":"status-publish","4":"has-post-thumbnail","6":"product_cat-portautensili-motorizzati-tornitura-fresatura-en","7":"product_tag-new-en","8":"azienda-dogra-italia-en","10":"first","11":"instock","12":"shipping-taxable","13":"purchasable","14":"product-type-variable"},"acf":[],"yoast_head":"<!-- This site is optimized with the Yoast SEO plugin v27.6 - https:\/\/yoast.com\/product\/yoast-seo-wordpress\/ -->\n<title>Mandrini a sistema modulare - Sogimut<\/title>\n<meta name=\"robots\" content=\"index, follow, max-snippet:-1, max-image-preview:large, max-video-preview:-1\" \/>\n<link rel=\"canonical\" href=\"https:\/\/sogimut.com\/en\/product\/mandrini-a-sistema-modulare-dgr001\/\" \/>\n<meta property=\"og:locale\" content=\"en_US\" \/>\n<meta property=\"og:type\" content=\"article\" \/>\n<meta property=\"og:title\" content=\"Mandrini a sistema modulare - Sogimut\" \/>\n<meta property=\"og:description\" content=\"Il sistema modulare DOGRA \u00e8 una linea di portautensili modulari di alta precisione che permette di eseguire con estrema rigidit\u00e0 operazioni di alesatura, fresatura, foratura e maschiatura. CARATTERISTICHE &amp; VANTAGGI TECNOLOGIA DOGRA L\u2019attacco DOGRA \u00e8 il punto di forza del sistema perch\u00e9 consente di fresare ed alesare con massima rigidit\u00e0 e concentricit\u00e0 grazie all\u2019accoppiamento di [&hellip;]\" \/>\n<meta property=\"og:url\" content=\"https:\/\/sogimut.com\/en\/product\/mandrini-a-sistema-modulare-dgr001\/\" \/>\n<meta property=\"og:site_name\" content=\"Sogimut\" \/>\n<meta property=\"article:modified_time\" content=\"2024-09-11T07:10:58+00:00\" \/>\n<meta property=\"og:image\" content=\"https:\/\/sogimut.com\/wp-content\/uploads\/2023\/09\/DGR_DOGRA_Mandrini_sistema_modulare_02-1.jpg\" \/>\n\t<meta property=\"og:image:width\" content=\"1200\" \/>\n\t<meta property=\"og:image:height\" content=\"1200\" \/>\n\t<meta property=\"og:image:type\" content=\"image\/jpeg\" \/>\n<meta name=\"twitter:card\" content=\"summary_large_image\" \/>\n<meta name=\"twitter:label1\" content=\"Est. reading time\" \/>\n\t<meta name=\"twitter:data1\" content=\"1 minute\" \/>\n<script type=\"application\/ld+json\" class=\"yoast-schema-graph\">{\"@context\":\"https:\\\/\\\/schema.org\",\"@graph\":[{\"@type\":\"WebPage\",\"@id\":\"https:\\\/\\\/sogimut.com\\\/en\\\/product\\\/mandrini-a-sistema-modulare-dgr001\\\/\",\"url\":\"https:\\\/\\\/sogimut.com\\\/en\\\/product\\\/mandrini-a-sistema-modulare-dgr001\\\/\",\"name\":\"Mandrini a sistema modulare - Sogimut\",\"isPartOf\":{\"@id\":\"https:\\\/\\\/sogimut.com\\\/en\\\/#website\"},\"primaryImageOfPage\":{\"@id\":\"https:\\\/\\\/sogimut.com\\\/en\\\/product\\\/mandrini-a-sistema-modulare-dgr001\\\/#primaryimage\"},\"image\":{\"@id\":\"https:\\\/\\\/sogimut.com\\\/en\\\/product\\\/mandrini-a-sistema-modulare-dgr001\\\/#primaryimage\"},\"thumbnailUrl\":\"https:\\\/\\\/sogimut.com\\\/wp-content\\\/uploads\\\/2023\\\/09\\\/DGR_DOGRA_Mandrini_sistema_modulare_02-1.jpg\",\"datePublished\":\"2024-09-02T15:48:52+00:00\",\"dateModified\":\"2024-09-11T07:10:58+00:00\",\"breadcrumb\":{\"@id\":\"https:\\\/\\\/sogimut.com\\\/en\\\/product\\\/mandrini-a-sistema-modulare-dgr001\\\/#breadcrumb\"},\"inLanguage\":\"en-US\",\"potentialAction\":[{\"@type\":\"ReadAction\",\"target\":[\"https:\\\/\\\/sogimut.com\\\/en\\\/product\\\/mandrini-a-sistema-modulare-dgr001\\\/\"]}]},{\"@type\":\"ImageObject\",\"inLanguage\":\"en-US\",\"@id\":\"https:\\\/\\\/sogimut.com\\\/en\\\/product\\\/mandrini-a-sistema-modulare-dgr001\\\/#primaryimage\",\"url\":\"https:\\\/\\\/sogimut.com\\\/wp-content\\\/uploads\\\/2023\\\/09\\\/DGR_DOGRA_Mandrini_sistema_modulare_02-1.jpg\",\"contentUrl\":\"https:\\\/\\\/sogimut.com\\\/wp-content\\\/uploads\\\/2023\\\/09\\\/DGR_DOGRA_Mandrini_sistema_modulare_02-1.jpg\",\"width\":1200,\"height\":1200},{\"@type\":\"BreadcrumbList\",\"@id\":\"https:\\\/\\\/sogimut.com\\\/en\\\/product\\\/mandrini-a-sistema-modulare-dgr001\\\/#breadcrumb\",\"itemListElement\":[{\"@type\":\"ListItem\",\"position\":1,\"name\":\"Home\",\"item\":\"https:\\\/\\\/sogimut.com\\\/en\\\/\"},{\"@type\":\"ListItem\",\"position\":2,\"name\":\"Prodotti\",\"item\":\"https:\\\/\\\/sogimut.com\\\/en\\\/shop\\\/\"},{\"@type\":\"ListItem\",\"position\":3,\"name\":\"Precision mechanics\",\"item\":\"https:\\\/\\\/sogimut.com\\\/en\\\/categoria-prodotto\\\/precision-mechanics\\\/\"},{\"@type\":\"ListItem\",\"position\":4,\"name\":\"Portautensili motorizzati per tornitura e fresatura\",\"item\":\"https:\\\/\\\/sogimut.com\\\/en\\\/categoria-prodotto\\\/precision-mechanics\\\/portautensili-motorizzati-tornitura-fresatura-en\\\/\"},{\"@type\":\"ListItem\",\"position\":5,\"name\":\"Mandrini a sistema modulare\"}]},{\"@type\":\"WebSite\",\"@id\":\"https:\\\/\\\/sogimut.com\\\/en\\\/#website\",\"url\":\"https:\\\/\\\/sogimut.com\\\/en\\\/\",\"name\":\"Sogimut\",\"description\":\"Accessori per macchine utensili\",\"publisher\":{\"@id\":\"https:\\\/\\\/sogimut.com\\\/en\\\/#organization\"},\"potentialAction\":[{\"@type\":\"SearchAction\",\"target\":{\"@type\":\"EntryPoint\",\"urlTemplate\":\"https:\\\/\\\/sogimut.com\\\/en\\\/?s={search_term_string}\"},\"query-input\":{\"@type\":\"PropertyValueSpecification\",\"valueRequired\":true,\"valueName\":\"search_term_string\"}}],\"inLanguage\":\"en-US\"},{\"@type\":\"Organization\",\"@id\":\"https:\\\/\\\/sogimut.com\\\/en\\\/#organization\",\"name\":\"Sogimut\",\"url\":\"https:\\\/\\\/sogimut.com\\\/en\\\/\",\"logo\":{\"@type\":\"ImageObject\",\"inLanguage\":\"en-US\",\"@id\":\"https:\\\/\\\/sogimut.com\\\/en\\\/#\\\/schema\\\/logo\\\/image\\\/\",\"url\":\"https:\\\/\\\/sogimut.com\\\/wp-content\\\/uploads\\\/2023\\\/01\\\/logo-payoff-blu.png\",\"contentUrl\":\"https:\\\/\\\/sogimut.com\\\/wp-content\\\/uploads\\\/2023\\\/01\\\/logo-payoff-blu.png\",\"width\":2563,\"height\":624,\"caption\":\"Sogimut\"},\"image\":{\"@id\":\"https:\\\/\\\/sogimut.com\\\/en\\\/#\\\/schema\\\/logo\\\/image\\\/\"},\"sameAs\":[\"https:\\\/\\\/www.linkedin.com\\\/company\\\/sogimut-srl\\\/?originalSubdomain=it\",\"https:\\\/\\\/www.youtube.com\\\/@PastorinoCarrelli\\\/featured\"]}]}<\/script>\n<!-- \/ Yoast SEO plugin. -->","yoast_head_json":{"title":"Mandrini a sistema modulare - Sogimut","robots":{"index":"index","follow":"follow","max-snippet":"max-snippet:-1","max-image-preview":"max-image-preview:large","max-video-preview":"max-video-preview:-1"},"canonical":"https:\/\/sogimut.com\/en\/product\/mandrini-a-sistema-modulare-dgr001\/","og_locale":"en_US","og_type":"article","og_title":"Mandrini a sistema modulare - Sogimut","og_description":"Il sistema modulare DOGRA \u00e8 una linea di portautensili modulari di alta precisione che permette di eseguire con estrema rigidit\u00e0 operazioni di alesatura, fresatura, foratura e maschiatura. CARATTERISTICHE &amp; VANTAGGI TECNOLOGIA DOGRA L\u2019attacco DOGRA \u00e8 il punto di forza del sistema perch\u00e9 consente di fresare ed alesare con massima rigidit\u00e0 e concentricit\u00e0 grazie all\u2019accoppiamento di [&hellip;]","og_url":"https:\/\/sogimut.com\/en\/product\/mandrini-a-sistema-modulare-dgr001\/","og_site_name":"Sogimut","article_modified_time":"2024-09-11T07:10:58+00:00","og_image":[{"width":1200,"height":1200,"url":"https:\/\/sogimut.com\/wp-content\/uploads\/2023\/09\/DGR_DOGRA_Mandrini_sistema_modulare_02-1.jpg","type":"image\/jpeg"}],"twitter_card":"summary_large_image","twitter_misc":{"Est. reading time":"1 minute"},"schema":{"@context":"https:\/\/schema.org","@graph":[{"@type":"WebPage","@id":"https:\/\/sogimut.com\/en\/product\/mandrini-a-sistema-modulare-dgr001\/","url":"https:\/\/sogimut.com\/en\/product\/mandrini-a-sistema-modulare-dgr001\/","name":"Mandrini a sistema modulare - Sogimut","isPartOf":{"@id":"https:\/\/sogimut.com\/en\/#website"},"primaryImageOfPage":{"@id":"https:\/\/sogimut.com\/en\/product\/mandrini-a-sistema-modulare-dgr001\/#primaryimage"},"image":{"@id":"https:\/\/sogimut.com\/en\/product\/mandrini-a-sistema-modulare-dgr001\/#primaryimage"},"thumbnailUrl":"https:\/\/sogimut.com\/wp-content\/uploads\/2023\/09\/DGR_DOGRA_Mandrini_sistema_modulare_02-1.jpg","datePublished":"2024-09-02T15:48:52+00:00","dateModified":"2024-09-11T07:10:58+00:00","breadcrumb":{"@id":"https:\/\/sogimut.com\/en\/product\/mandrini-a-sistema-modulare-dgr001\/#breadcrumb"},"inLanguage":"en-US","potentialAction":[{"@type":"ReadAction","target":["https:\/\/sogimut.com\/en\/product\/mandrini-a-sistema-modulare-dgr001\/"]}]},{"@type":"ImageObject","inLanguage":"en-US","@id":"https:\/\/sogimut.com\/en\/product\/mandrini-a-sistema-modulare-dgr001\/#primaryimage","url":"https:\/\/sogimut.com\/wp-content\/uploads\/2023\/09\/DGR_DOGRA_Mandrini_sistema_modulare_02-1.jpg","contentUrl":"https:\/\/sogimut.com\/wp-content\/uploads\/2023\/09\/DGR_DOGRA_Mandrini_sistema_modulare_02-1.jpg","width":1200,"height":1200},{"@type":"BreadcrumbList","@id":"https:\/\/sogimut.com\/en\/product\/mandrini-a-sistema-modulare-dgr001\/#breadcrumb","itemListElement":[{"@type":"ListItem","position":1,"name":"Home","item":"https:\/\/sogimut.com\/en\/"},{"@type":"ListItem","position":2,"name":"Prodotti","item":"https:\/\/sogimut.com\/en\/shop\/"},{"@type":"ListItem","position":3,"name":"Precision mechanics","item":"https:\/\/sogimut.com\/en\/categoria-prodotto\/precision-mechanics\/"},{"@type":"ListItem","position":4,"name":"Portautensili motorizzati per tornitura e fresatura","item":"https:\/\/sogimut.com\/en\/categoria-prodotto\/precision-mechanics\/portautensili-motorizzati-tornitura-fresatura-en\/"},{"@type":"ListItem","position":5,"name":"Mandrini a sistema modulare"}]},{"@type":"WebSite","@id":"https:\/\/sogimut.com\/en\/#website","url":"https:\/\/sogimut.com\/en\/","name":"Sogimut","description":"Accessori per macchine utensili","publisher":{"@id":"https:\/\/sogimut.com\/en\/#organization"},"potentialAction":[{"@type":"SearchAction","target":{"@type":"EntryPoint","urlTemplate":"https:\/\/sogimut.com\/en\/?s={search_term_string}"},"query-input":{"@type":"PropertyValueSpecification","valueRequired":true,"valueName":"search_term_string"}}],"inLanguage":"en-US"},{"@type":"Organization","@id":"https:\/\/sogimut.com\/en\/#organization","name":"Sogimut","url":"https:\/\/sogimut.com\/en\/","logo":{"@type":"ImageObject","inLanguage":"en-US","@id":"https:\/\/sogimut.com\/en\/#\/schema\/logo\/image\/","url":"https:\/\/sogimut.com\/wp-content\/uploads\/2023\/01\/logo-payoff-blu.png","contentUrl":"https:\/\/sogimut.com\/wp-content\/uploads\/2023\/01\/logo-payoff-blu.png","width":2563,"height":624,"caption":"Sogimut"},"image":{"@id":"https:\/\/sogimut.com\/en\/#\/schema\/logo\/image\/"},"sameAs":["https:\/\/www.linkedin.com\/company\/sogimut-srl\/?originalSubdomain=it","https:\/\/www.youtube.com\/@PastorinoCarrelli\/featured"]}]}},"_links":{"self":[{"href":"https:\/\/sogimut.com\/en\/wp-json\/wp\/v2\/product\/14096","targetHints":{"allow":["GET"]}}],"collection":[{"href":"https:\/\/sogimut.com\/en\/wp-json\/wp\/v2\/product"}],"about":[{"href":"https:\/\/sogimut.com\/en\/wp-json\/wp\/v2\/types\/product"}],"wp:featuredmedia":[{"embeddable":true,"href":"https:\/\/sogimut.com\/en\/wp-json\/wp\/v2\/media\/11006"}],"wp:attachment":[{"href":"https:\/\/sogimut.com\/en\/wp-json\/wp\/v2\/media?parent=14096"}],"wp:term":[{"taxonomy":"product_brand","embeddable":true,"href":"https:\/\/sogimut.com\/en\/wp-json\/wp\/v2\/product_brand?post=14096"},{"taxonomy":"product_cat","embeddable":true,"href":"https:\/\/sogimut.com\/en\/wp-json\/wp\/v2\/product_cat?post=14096"},{"taxonomy":"product_tag","embeddable":true,"href":"https:\/\/sogimut.com\/en\/wp-json\/wp\/v2\/product_tag?post=14096"},{"taxonomy":"azienda","embeddable":true,"href":"https:\/\/sogimut.com\/en\/wp-json\/wp\/v2\/azienda?post=14096"}],"curies":[{"name":"wp","href":"https:\/\/api.w.org\/{rel}","templated":true}]}}